{"id":2135,"date":"2024-10-07T23:48:28","date_gmt":"2024-10-07T21:48:28","guid":{"rendered":"https:\/\/bracsabrunch.hu\/?page_id=2135"},"modified":"2025-09-21T01:40:12","modified_gmt":"2025-09-20T23:40:12","slug":"nyeremenyjatek","status":"publish","type":"page","link":"https:\/\/bracsabrunch.hu\/en\/nyeremenyjatek\/","title":{"rendered":"Nyerem\u00e9nyj\u00e1t\u00e9k"},"content":{"rendered":"<div data-elementor-type=\"wp-page\" data-elementor-id=\"2135\" class=\"elementor elementor-2135\">\n\t\t\t\t<div class=\"elementor-element elementor-element-d3b9bf1 e-flex e-con-boxed e-con e-parent\" data-id=\"d3b9bf1\" data-element_type=\"container\" data-e-type=\"container\" data-settings=\"{&quot;background_background&quot;:&quot;classic&quot;}\">\n\t\t\t\t\t<div class=\"e-con-inner\">\n\t\t\t\t<div class=\"elementor-element elementor-element-58542fb elementor-widget elementor-widget-image\" data-id=\"58542fb\" data-element_type=\"widget\" data-e-type=\"widget\" data-widget_type=\"image.default\">\n\t\t\t\t<div class=\"elementor-widget-container\">\n\t\t\t\t\t\t\t\t\t\t\t\t\t\t\t<img fetchpriority=\"high\" decoding=\"async\" width=\"1500\" height=\"1500\" src=\"https:\/\/bracsabrunch.hu\/wp-content\/uploads\/2025\/09\/Untitled-14-1.jpg\" class=\"attachment-2048x2048 size-2048x2048 wp-image-2616\" alt=\"\" srcset=\"https:\/\/bracsabrunch.hu\/wp-content\/uploads\/2025\/09\/Untitled-14-1.jpg 1500w, https:\/\/bracsabrunch.hu\/wp-content\/uploads\/2025\/09\/Untitled-14-1-300x300.jpg 300w, https:\/\/bracsabrunch.hu\/wp-content\/uploads\/2025\/09\/Untitled-14-1-1024x1024.jpg 1024w, https:\/\/bracsabrunch.hu\/wp-content\/uploads\/2025\/09\/Untitled-14-1-150x150.jpg 150w, https:\/\/bracsabrunch.hu\/wp-content\/uploads\/2025\/09\/Untitled-14-1-768x768.jpg 768w, https:\/\/bracsabrunch.hu\/wp-content\/uploads\/2025\/09\/Untitled-14-1-12x12.jpg 12w\" sizes=\"(max-width: 1500px) 100vw, 1500px\" \/>\t\t\t\t\t\t\t\t\t\t\t\t\t\t\t<\/div>\n\t\t\t\t<\/div>\n\t\t\t\t\t<\/div>\n\t\t\t\t<\/div>\n\t\t<div class=\"elementor-element elementor-element-47583c6 e-flex e-con-boxed e-con e-parent\" data-id=\"47583c6\" data-element_type=\"container\" data-e-type=\"container\">\n\t\t\t\t\t<div class=\"e-con-inner\">\n\t\t\t\t<div class=\"elementor-element elementor-element-c649375 elementor-widget elementor-widget-html\" data-id=\"c649375\" data-element_type=\"widget\" data-e-type=\"widget\" data-widget_type=\"html.default\">\n\t\t\t\t<div class=\"elementor-widget-container\">\n\t\t\t\t\t<iframe src=\"https:\/\/docs.google.com\/forms\/d\/e\/1FAIpQLSe_bbVhgWT3zi8bXgJHBo7NkTNUmYWXItbRUZKxyziAQ8puew\/viewform?embedded=true\" width=\"1180\" height=\"600\" frameborder=\"0\" marginheight=\"0\" marginwidth=\"0\">Bet\u00f6lt\u00e9s\u2026<\/iframe>\t\t\t\t<\/div>\n\t\t\t\t<\/div>\n\t\t\t\t\t<\/div>\n\t\t\t\t<\/div>\n\t\t<div class=\"elementor-element elementor-element-d817f25 e-grid e-con-boxed e-con e-parent\" data-id=\"d817f25\" data-element_type=\"container\" data-e-type=\"container\">\n\t\t\t\t\t<div class=\"e-con-inner\">\n\t\t\t\t<div class=\"elementor-element elementor-element-5515f3f elementor-widget elementor-widget-heading\" data-id=\"5515f3f\" data-element_type=\"widget\" data-e-type=\"widget\" data-widget_type=\"heading.default\">\n\t\t\t\t<div class=\"elementor-widget-container\">\n\t\t\t\t\t<h5 class=\"elementor-heading-title elementor-size-default\"><a href=\"https:\/\/bracsabrunch.hu\/en\/adatvedelmi-tajekoztato\/\" target=\"_blank\">Adatv\u00e9delmi t\u00e1j\u00e9koztat\u00f3<\/a><\/h5>\t\t\t\t<\/div>\n\t\t\t\t<\/div>\n\t\t\t\t<div class=\"elementor-element elementor-element-9dcb13e elementor-widget elementor-widget-heading\" data-id=\"9dcb13e\" data-element_type=\"widget\" data-e-type=\"widget\" data-widget_type=\"heading.default\">\n\t\t\t\t<div class=\"elementor-widget-container\">\n\t\t\t\t\t<h5 class=\"elementor-heading-title elementor-size-default\"><a href=\"https:\/\/bracsabrunch.hu\/en\/jatekszabalyzat\/\" target=\"_blank\">J\u00e1t\u00e9kszab\u00e1lyzat<\/a><\/h5>\t\t\t\t<\/div>\n\t\t\t\t<\/div>\n\t\t\t\t\t<\/div>\n\t\t\t\t<\/div>\n\t\t<div class=\"elementor-element elementor-element-b6e5199 e-flex e-con-boxed e-con e-parent\" data-id=\"b6e5199\" data-element_type=\"container\" data-e-type=\"container\">\n\t\t\t\t\t<div class=\"e-con-inner\">\n\t\t\t\t\t<\/div>\n\t\t\t\t<\/div>\n\t\t\t\t<section class=\"elementor-section elementor-top-section elementor-element elementor-element-drgc10v elementor-section-content-top elementor-section-boxed elementor-section-height-default elementor-section-height-default\" data-id=\"drgc10v\" data-element_type=\"section\" data-e-type=\"section\">\n\t\t\t\t\t\t<div class=\"elementor-container elementor-column-gap-no\">\n\t\t\t\t\t<div class=\"elementor-column elementor-col-100 elementor-top-column elementor-element elementor-element-08b9496\" data-id=\"08b9496\" data-element_type=\"column\" data-e-type=\"column\">\n\t\t\t<div class=\"elementor-widget-wrap elementor-element-populated\">\n\t\t\t\t\t\t<div class=\"elementor-element elementor-element-3d1eb81 elementor-widget elementor-widget-google_maps\" data-id=\"3d1eb81\" data-element_type=\"widget\" data-e-type=\"widget\" data-widget_type=\"google_maps.default\">\n\t\t\t\t<div class=\"elementor-widget-container\">\n\t\t\t\t\t\t\t<div class=\"elementor-custom-embed\">\n\t\t\t<iframe loading=\"lazy\"\n\t\t\t\t\tsrc=\"https:\/\/maps.google.com\/maps?q=1074%20Budapest%2C%20Doh%C3%A1ny%20utca%2084.&#038;t=m&#038;z=15&#038;output=embed&#038;iwloc=near\"\n\t\t\t\t\ttitle=\"1074 Budapest, Doh\u00e1ny utca 84.\"\n\t\t\t\t\taria-label=\"1074 Budapest, Doh\u00e1ny utca 84.\"\n\t\t\t><\/iframe>\n\t\t<\/div>\n\t\t\t\t\t\t<\/div>\n\t\t\t\t<\/div>\n\t\t\t\t\t<\/div>\n\t\t<\/div>\n\t\t\t\t\t<\/div>\n\t\t<\/section>\n\t\t<div class=\"elementor-element elementor-element-72b0c60 e-flex e-con-boxed e-con e-parent\" data-id=\"72b0c60\" data-element_type=\"container\" data-e-type=\"container\">\n\t\t\t\t\t<div class=\"e-con-inner\">\n\t\t\t\t\t<\/div>\n\t\t\t\t<\/div>\n\t\t\t\t<\/div>","protected":false},"excerpt":{"rendered":"<p>Bet\u00f6lt\u00e9s\u2026 Adatv\u00e9delmi t\u00e1j\u00e9koztat\u00f3 J\u00e1t\u00e9kszab\u00e1lyzat<\/p>","protected":false},"author":2,"featured_media":0,"parent":0,"menu_order":0,"comment_status":"closed","ping_status":"closed","template":"","meta":{"postBodyMargin":[],"postBodyPadding":[],"postBodyBackground":{"backgroundType":"classic","gradient":""},"site-sidebar-layout":"no-sidebar","site-content-layout":"page-builder","ast-site-content-layout":"full-width-container","site-content-style":"unboxed","site-sidebar-style":"unboxed","ast-global-header-display":"","ast-banner-title-visibility":"","ast-main-header-display":"","ast-hfb-above-header-display":"","ast-hfb-below-header-display":"","ast-hfb-mobile-header-display":"","site-post-title":"disabled","ast-breadcrumbs-content":"","ast-featured-img":"disabled","footer-sml-layout":"","theme-transparent-header-meta":"enabled","adv-header-id-meta":"","stick-header-meta":"","header-above-stick-meta":"","header-main-stick-meta":"","header-below-stick-meta":"","astra-migrate-meta-layouts":"set","ast-page-background-enabled":"default","ast-page-background-meta":{"desktop":{"background-color":"var(--ast-global-color-4)","background-image":"","background-repeat":"repeat","background-position":"center center","background-size":"auto","background-attachment":"scroll","background-type":"","background-media":"","overlay-type":"","overlay-color":"","overlay-opacity":"","overlay-gradient":""},"tablet":{"background-color":"","background-image":"","background-repeat":"repeat","background-position":"center center","background-size":"auto","background-attachment":"scroll","background-type":"","background-media":"","overlay-type":"","overlay-color":"","overlay-opacity":"","overlay-gradient":""},"mobile":{"background-color":"","background-image":"","background-repeat":"repeat","background-position":"center center","background-size":"auto","background-attachment":"scroll","background-type":"","background-media":"","overlay-type":"","overlay-color":"","overlay-opacity":"","overlay-gradient":""}},"ast-content-background-meta":{"desktop":{"background-color":"var(--ast-global-color-5)","background-image":"","background-repeat":"repeat","background-position":"center center","background-size":"auto","background-attachment":"scroll","background-type":"","background-media":"","overlay-type":"","overlay-color":"","overlay-opacity":"","overlay-gradient":""},"tablet":{"background-color":"var(--ast-global-color-5)","background-image":"","background-repeat":"repeat","background-position":"center center","background-size":"auto","background-attachment":"scroll","background-type":"","background-media":"","overlay-type":"","overlay-color":"","overlay-opacity":"","overlay-gradient":""},"mobile":{"background-color":"var(--ast-global-color-5)","background-image":"","background-repeat":"repeat","background-position":"center center","background-size":"auto","background-attachment":"scroll","background-type":"","background-media":"","overlay-type":"","overlay-color":"","overlay-opacity":"","overlay-gradient":""}},"footnotes":""},"class_list":["post-2135","page","type-page","status-publish","hentry"],"yoast_head":"<!-- This site is optimized with the Yoast SEO plugin v21.8.1 - https:\/\/yoast.com\/wordpress\/plugins\/seo\/ -->\n<title>Nyerem\u00e9nyj\u00e1t\u00e9k - Br\u00e1csa Bistro &amp; Brunch<\/title>\n<meta name=\"robots\" content=\"index, follow, max-snippet:-1, max-image-preview:large, max-video-preview:-1\" \/>\n<link rel=\"canonical\" href=\"https:\/\/bracsabrunch.hu\/en\/nyeremenyjatek\/\" \/>\n<meta property=\"og:locale\" content=\"en_US\" \/>\n<meta property=\"og:type\" content=\"article\" \/>\n<meta property=\"og:title\" content=\"Nyerem\u00e9nyj\u00e1t\u00e9k - Br\u00e1csa Bistro &amp; Brunch\" \/>\n<meta property=\"og:description\" content=\"Bet\u00f6lt\u00e9s\u2026 Adatv\u00e9delmi t\u00e1j\u00e9koztat\u00f3 J\u00e1t\u00e9kszab\u00e1lyzat\" \/>\n<meta property=\"og:url\" content=\"https:\/\/bracsabrunch.hu\/en\/nyeremenyjatek\/\" \/>\n<meta property=\"og:site_name\" content=\"Br\u00e1csa Bistro &amp; Brunch\" \/>\n<meta property=\"article:publisher\" content=\"https:\/\/www.facebook.com\/profile.php?id=61556099217566\" \/>\n<meta property=\"article:modified_time\" content=\"2025-09-20T23:40:12+00:00\" \/>\n<meta property=\"og:image\" content=\"https:\/\/bracsabrunch.hu\/wp-content\/uploads\/2025\/09\/Untitled-14-1.jpg\" \/>\n<meta name=\"twitter:card\" content=\"summary_large_image\" \/>\n<meta name=\"twitter:label1\" content=\"Est. reading time\" \/>\n\t<meta name=\"twitter:data1\" content=\"1 minute\" \/>\n<script type=\"application\/ld+json\" class=\"yoast-schema-graph\">{\"@context\":\"https:\/\/schema.org\",\"@graph\":[{\"@type\":\"WebPage\",\"@id\":\"https:\/\/bracsabrunch.hu\/nyeremenyjatek\/\",\"url\":\"https:\/\/bracsabrunch.hu\/nyeremenyjatek\/\",\"name\":\"Nyerem\u00e9nyj\u00e1t\u00e9k - Br\u00e1csa Bistro &amp; Brunch\",\"isPartOf\":{\"@id\":\"https:\/\/bracsabrunch.hu\/#website\"},\"datePublished\":\"2024-10-07T21:48:28+00:00\",\"dateModified\":\"2025-09-20T23:40:12+00:00\",\"inLanguage\":\"en-US\",\"potentialAction\":[{\"@type\":\"ReadAction\",\"target\":[\"https:\/\/bracsabrunch.hu\/nyeremenyjatek\/\"]}]},{\"@type\":\"WebSite\",\"@id\":\"https:\/\/bracsabrunch.hu\/#website\",\"url\":\"https:\/\/bracsabrunch.hu\/\",\"name\":\"Br\u00e1csa Bistro & Brunch\",\"description\":\"Breakfast and Brunch Restaurant\",\"publisher\":{\"@id\":\"https:\/\/bracsabrunch.hu\/#organization\"},\"potentialAction\":[{\"@type\":\"SearchAction\",\"target\":{\"@type\":\"EntryPoint\",\"urlTemplate\":\"https:\/\/bracsabrunch.hu\/?s={search_term_string}\"},\"query-input\":\"required name=search_term_string\"}],\"inLanguage\":\"en-US\"},{\"@type\":\"Organization\",\"@id\":\"https:\/\/bracsabrunch.hu\/#organization\",\"name\":\"Br\u00e1csa Brunch Kft.\",\"url\":\"https:\/\/bracsabrunch.hu\/\",\"logo\":{\"@type\":\"ImageObject\",\"inLanguage\":\"en-US\",\"@id\":\"https:\/\/bracsabrunch.hu\/#\/schema\/logo\/image\/\",\"url\":\"https:\/\/bracsabrunch.hu\/wp-content\/uploads\/2024\/01\/A1AA71DD-4589-4F37-9DF2-0E18535AE1F9.png\",\"contentUrl\":\"https:\/\/bracsabrunch.hu\/wp-content\/uploads\/2024\/01\/A1AA71DD-4589-4F37-9DF2-0E18535AE1F9.png\",\"width\":1104,\"height\":1080,\"caption\":\"Br\u00e1csa Brunch Kft.\"},\"image\":{\"@id\":\"https:\/\/bracsabrunch.hu\/#\/schema\/logo\/image\/\"},\"sameAs\":[\"https:\/\/www.facebook.com\/profile.php?id=61556099217566\",\"https:\/\/www.instagram.com\/bracsa_brunch\/\",\"https:\/\/www.tiktok.com\/@bracsa_brunch?_t=8jRt2GEIDAm&_r=1&fbclid=IwAR1svTvBglY-j6QH5Yp5P2j1wbIzgZgaKM4PHRdl9lDPWtUVzvrs4xoXI3o\"]}]}<\/script>\n<!-- \/ Yoast SEO plugin. -->","yoast_head_json":{"title":"Nyerem\u00e9nyj\u00e1t\u00e9k - Br\u00e1csa Bistro &amp; Brunch","robots":{"index":"index","follow":"follow","max-snippet":"max-snippet:-1","max-image-preview":"max-image-preview:large","max-video-preview":"max-video-preview:-1"},"canonical":"https:\/\/bracsabrunch.hu\/en\/nyeremenyjatek\/","og_locale":"en_US","og_type":"article","og_title":"Nyerem\u00e9nyj\u00e1t\u00e9k - Br\u00e1csa Bistro &amp; Brunch","og_description":"Bet\u00f6lt\u00e9s\u2026 Adatv\u00e9delmi t\u00e1j\u00e9koztat\u00f3 J\u00e1t\u00e9kszab\u00e1lyzat","og_url":"https:\/\/bracsabrunch.hu\/en\/nyeremenyjatek\/","og_site_name":"Br\u00e1csa Bistro &amp; Brunch","article_publisher":"https:\/\/www.facebook.com\/profile.php?id=61556099217566","article_modified_time":"2025-09-20T23:40:12+00:00","og_image":[{"url":"https:\/\/bracsabrunch.hu\/wp-content\/uploads\/2025\/09\/Untitled-14-1.jpg"}],"twitter_card":"summary_large_image","twitter_misc":{"Est. reading time":"1 minute"},"schema":{"@context":"https:\/\/schema.org","@graph":[{"@type":"WebPage","@id":"https:\/\/bracsabrunch.hu\/nyeremenyjatek\/","url":"https:\/\/bracsabrunch.hu\/nyeremenyjatek\/","name":"Nyerem\u00e9nyj\u00e1t\u00e9k - Br\u00e1csa Bistro &amp; Brunch","isPartOf":{"@id":"https:\/\/bracsabrunch.hu\/#website"},"datePublished":"2024-10-07T21:48:28+00:00","dateModified":"2025-09-20T23:40:12+00:00","inLanguage":"en-US","potentialAction":[{"@type":"ReadAction","target":["https:\/\/bracsabrunch.hu\/nyeremenyjatek\/"]}]},{"@type":"WebSite","@id":"https:\/\/bracsabrunch.hu\/#website","url":"https:\/\/bracsabrunch.hu\/","name":"Br\u00e1csa Bistro & Brunch","description":"Breakfast and Brunch Restaurant","publisher":{"@id":"https:\/\/bracsabrunch.hu\/#organization"},"potentialAction":[{"@type":"SearchAction","target":{"@type":"EntryPoint","urlTemplate":"https:\/\/bracsabrunch.hu\/?s={search_term_string}"},"query-input":"required name=search_term_string"}],"inLanguage":"en-US"},{"@type":"Organization","@id":"https:\/\/bracsabrunch.hu\/#organization","name":"Br\u00e1csa Brunch Kft.","url":"https:\/\/bracsabrunch.hu\/","logo":{"@type":"ImageObject","inLanguage":"en-US","@id":"https:\/\/bracsabrunch.hu\/#\/schema\/logo\/image\/","url":"https:\/\/bracsabrunch.hu\/wp-content\/uploads\/2024\/01\/A1AA71DD-4589-4F37-9DF2-0E18535AE1F9.png","contentUrl":"https:\/\/bracsabrunch.hu\/wp-content\/uploads\/2024\/01\/A1AA71DD-4589-4F37-9DF2-0E18535AE1F9.png","width":1104,"height":1080,"caption":"Br\u00e1csa Brunch Kft."},"image":{"@id":"https:\/\/bracsabrunch.hu\/#\/schema\/logo\/image\/"},"sameAs":["https:\/\/www.facebook.com\/profile.php?id=61556099217566","https:\/\/www.instagram.com\/bracsa_brunch\/","https:\/\/www.tiktok.com\/@bracsa_brunch?_t=8jRt2GEIDAm&_r=1&fbclid=IwAR1svTvBglY-j6QH5Yp5P2j1wbIzgZgaKM4PHRdl9lDPWtUVzvrs4xoXI3o"]}]}},"_links":{"self":[{"href":"https:\/\/bracsabrunch.hu\/en\/wp-json\/wp\/v2\/pages\/2135","targetHints":{"allow":["GET"]}}],"collection":[{"href":"https:\/\/bracsabrunch.hu\/en\/wp-json\/wp\/v2\/pages"}],"about":[{"href":"https:\/\/bracsabrunch.hu\/en\/wp-json\/wp\/v2\/types\/page"}],"author":[{"embeddable":true,"href":"https:\/\/bracsabrunch.hu\/en\/wp-json\/wp\/v2\/users\/2"}],"replies":[{"embeddable":true,"href":"https:\/\/bracsabrunch.hu\/en\/wp-json\/wp\/v2\/comments?post=2135"}],"version-history":[{"count":0,"href":"https:\/\/bracsabrunch.hu\/en\/wp-json\/wp\/v2\/pages\/2135\/revisions"}],"wp:attachment":[{"href":"https:\/\/bracsabrunch.hu\/en\/wp-json\/wp\/v2\/media?parent=2135"}],"curies":[{"name":"wp","href":"https:\/\/api.w.org\/{rel}","templated":true}]}}